{"id":18,"date":"2015-11-22T11:32:25","date_gmt":"2015-11-22T10:32:25","guid":{"rendered":"http:\/\/dev.ullagranqvist.se\/?page_id=18"},"modified":"2024-01-04T20:47:19","modified_gmt":"2024-01-04T19:47:19","slug":"cv","status":"publish","type":"page","link":"https:\/\/www.ullagranqvist.se\/en\/cv\/","title":{"rendered":"CV"},"content":{"rendered":"<div style=\"text-align: center;\">\n<h1>Curriculum Vitae<\/h1>\n<hr \/>\n<h3>EDUCATION<\/h3>\n<ul class=\"price__ul margin-bottom20\">\n<li>\u00c5lsta Folkh\u00f6gskola 1981-82<\/li>\n<li>RMI-Berghs School of Communication, Stockholm 1982-84<\/li>\n<li>Own studies in watercolor painting<\/li>\n<\/ul>\n<hr \/>\n<h3>AWARDS<\/h3>\n<ul class=\"price__ul margin-bottom20\">\n<li>\u00c5rets folkr\u00f6relsetecknare, Konstfr\u00e4mjandet, 1988<\/li>\n<li>Ritande Redakt\u00f6rer, 1998, Sverige<\/li>\n<li>SND\u00b4s, Society for News Design\/Scandinavia, 1998. Visual Communication<\/li>\n<li>SND\u00b4s, Society for News Design\/Scandinavia, 1999. Visual Communication<\/li>\n<li>SND\u00b4s, Society for News Design\/Scandinavia, 2000. Visual Communication<\/li>\n<li>SND\u00b4s, Society for News Design\/Scandinavia, 2001. Visual Communication<\/li>\n<li>SND\u00b4s, Society for News Design\/Scandinavia, 2003. Visual Communication<\/li>\n<li>SND\u00b4s, Society for News Design\/Scandinavia, 2004. Visual Communication<\/li>\n<li>SND\u00b4s, Society for News Design\/Scandinavia, 2006. Visual Communication<\/li>\n<li>European Newspaper Award, 2000. Illustration.<\/li>\n<li>European Newspaper Award, 2001. Illustration.<\/li>\n<li>European Newspaper Award, 2003. Illustration<\/li>\n<li>European Newspaper Award, 2005. Illustration.<\/li>\n<li>European Newspaper Award, 2006. Illustration.<\/li>\n<li>European Newspaper Award, 2007. Illustration.<\/li>\n<li>European Newspaper Award, 2008. Illustration.<\/li>\n<li>This year&#8217;s environmental journalist in 2009, honorable mention, Environmental Journalists association<\/li>\n<li>European Newspaper Award, 2009. Illustration.<\/li>\n<li>European Newspaper Award, 2010. Illustration.<\/li>\n<li>European Newspaper Award, 2011. Illustration<\/li>\n<\/ul>\n<hr \/>\n<h3>EXHIBITIONS<\/h3>\n<ul class=\"price__ul margin-bottom20\">\n<li>Lilla Galleriet, \u00d6stersund 1987<\/li>\n<li>Lustg\u00e5rden Aln\u00f6n, 1991<\/li>\n<li>Galleri S\u00f6der, \u00d6stersund, 1991<\/li>\n<li>Kulturhuset, J\u00e4rpen 1992<\/li>\n<li>Galleri S\u00f6der, \u00d6stersund 1995<\/li>\n<li>Galleri S\u00f6der, \u00d6stersund 2000<\/li>\n<li>Galleri S\u00f6der, \u00d6stersund 2004<\/li>\n<li>Hammerdals konstf\u00f6rening 2006<\/li>\n<\/ul>\n<h4>SUMMER EXHIBITIONS<\/h4>\n<ul class=\"price__ul margin-bottom20\">\n<li>Magasinet, 2003<\/li>\n<li><\/li>\n<\/ul>\n<h4>GROUP EXHIBITIONS<\/h4>\n<ul class=\"price__ul margin-bottom20\">\n<li>Mellannorrl\u00e4ndska konstn\u00e4rer, Konstfr\u00e4mjandet, 1990<\/li>\n<li>Nordisk Akvarellsalong, Kristiansand, Norge, 1996<\/li>\n<li>H\u00f6stsalong, J\u00e4mtlands L\u00e4ns Museum, 1996<\/li>\n<\/ul>\n<hr \/>\n<h3>SCHOLARSHIPS<\/h3>\n<ul class=\"price__ul margin-bottom20\">\n<li>Cultural Award, J\u00e4mtlands l\u00e4ns landsting, 1995<\/li>\n<li>Travel Grants to the memory of Klara Lindh, Nya Stiftelsen Gefle Dagblad<\/li>\n<li>Lions Culture Prize 2011<\/li>\n<\/ul>\n<h3>REPRESENTED<\/h3>\n<ul class=\"price__ul margin-bottom20\">\n<li>J\u00e4mtlands L\u00e4ns Landsting<\/li>\n<li>\u00d6stersunds kommun<\/li>\n<li>Statens konstr\u00e5d<\/li>\n<\/ul>\n<h3>DECORATIONS<\/h3>\n<ul class=\"price__ul margin-bottom20\">\n<li>H\u00e4radsg\u00e5rden, Lit, 1995<\/li>\n<li>\u00d6stersunds hospital, 1997<\/li>\n<\/ul>\n<hr \/>\n<h3>MEMBER<\/h3>\n<ul class=\"price__ul margin-bottom20\">\n<li>Konstn\u00e4rernas Riksf\u00f6rbund<\/li>\n<li>Svenska tecknare<\/li>\n<li>\u00d6stersunds kollektiva grafikverkstad, H\u00e4rke konstcentrum<\/li>\n<\/ul>\n<h3>ILLUSTRATOR<\/h3>\n<ul class=\"price__ul margin-bottom20\">\n<li>\u00d6stersunds Posten since 1997<\/li>\n<\/ul>\n<hr \/>\n<div class=\"row\">\n<div class=\"col-md-6\">\n<h4>About SND\u00b4s<\/h4>\n<p>Society for Newsdesign Scandinavia (SNDS) \u00e4r den Skandinaviska avdelningen i det internationella n\u00e4tverket SND som ursprungligen startades i USA. SNDS medlemmar representerar ett brett spektrum av yrken inom dagstidningsbranschen. Moderorganisationen har i dag n\u00e4ra 3000 medlemmer fr\u00e5n 26 l\u00e4nder. I den nordiska organisationen deltar Sverige, Danmark, Norge, Finland och Island. SNDS arrangerar utbildningar, utbyten och en \u00e5rlig konferens d\u00e4r de b\u00e4sta sidorna\/bilderna utses.<\/p>\n<\/div>\n<hr class=\"divider\" \/>\n<div class=\"col-md-6\">\n<h4>About European Newspaper Award<\/h4>\n<p>European Newspaper Award \u00e4r en t\u00e4vling som arrangeras \u00e5rligen av den tyske formgivaren Norbert Kr\u00fcpper i samarbete med Medium Magazin i Frankfurt och Der \u00d6sterreichische Journalist. Sammanlagt deltar cirka 300 tidningar fr\u00e5n 26 l\u00e4nder.<\/p>\n<\/div>\n<\/div>\n<\/div>","protected":false},"excerpt":{"rendered":"<p>Curriculum Vitae EDUCATION \u00c5lsta Folkh\u00f6gskola 1981-82 RMI-Berghs School of Communication, Stockholm 1982-84 Own studies in watercolor painting AWARDS \u00c5rets folkr\u00f6relsetecknare, Konstfr\u00e4mjandet, 1988 Ritande Redakt\u00f6rer, 1998, Sverige SND\u00b4s, Society for News Design\/Scandinavia, 1998. Visual Communication SND\u00b4s, Society for News Design\/Scandinavia, 1999. Visual Communication SND\u00b4s, Society for News Design\/Scandinavia, 2000. Visual Communication SND\u00b4s, Society for News Design\/Scandinavia,<a href=\"https:\/\/www.ullagranqvist.se\/en\/cv\/\">[&#8230;]<\/a><\/p>\n","protected":false},"author":1,"featured_media":0,"parent":0,"menu_order":10,"comment_status":"closed","ping_status":"closed","template":"template-fullwidth.php","meta":{"_mi_skip_tracking":false},"aioseo_notices":[],"_links":{"self":[{"href":"https:\/\/www.ullagranqvist.se\/en\/wp-json\/wp\/v2\/pages\/18"}],"collection":[{"href":"https:\/\/www.ullagranqvist.se\/en\/wp-json\/wp\/v2\/pages"}],"about":[{"href":"https:\/\/www.ullagranqvist.se\/en\/wp-json\/wp\/v2\/types\/page"}],"author":[{"embeddable":true,"href":"https:\/\/www.ullagranqvist.se\/en\/wp-json\/wp\/v2\/users\/1"}],"replies":[{"embeddable":true,"href":"https:\/\/www.ullagranqvist.se\/en\/wp-json\/wp\/v2\/comments?post=18"}],"version-history":[{"count":64,"href":"https:\/\/www.ullagranqvist.se\/en\/wp-json\/wp\/v2\/pages\/18\/revisions"}],"predecessor-version":[{"id":783,"href":"https:\/\/www.ullagranqvist.se\/en\/wp-json\/wp\/v2\/pages\/18\/revisions\/783"}],"wp:attachment":[{"href":"https:\/\/www.ullagranqvist.se\/en\/wp-json\/wp\/v2\/media?parent=18"}],"curies":[{"name":"wp","href":"https:\/\/api.w.org\/{rel}","templated":true}]}}